{"id":121,"date":"2023-09-03T22:01:22","date_gmt":"2023-09-03T22:01:22","guid":{"rendered":"https:\/\/blueseven.com\/?page_id=121"},"modified":"2026-02-13T12:35:36","modified_gmt":"2026-02-13T12:35:36","slug":"f-a-q","status":"publish","type":"page","link":"https:\/\/blueseven.com\/de\/f-a-q\/","title":{"rendered":"F.A.Q."},"content":{"rendered":"<p><img decoding=\"async\" src=\"\/wp-content\/uploads\/2026\/02\/mixss26.jpg\" alt=\"\"><\/p>\n<h1>F.A.Q. H\u00e4ufig gestellte Fragen<\/h1>\n<ul>\n<li>\n<h3>Wo kann man BLUE SEVEN kaufen? <\/h3>\n<div>\n<p><span>Sie k\u00f6nnen BLUE SEVEN bei ausgew\u00e4hlten H\u00e4ndlern und in ausgew\u00e4hlten Onlineshops kaufen. In unserem Store Finder finden Sie H\u00e4ndler in Ihrer N\u00e4he sowie eine Liste mit den Onlineshops, die BLUE SEVEN anbieten.<\/span><\/p>\n<p><a href=\"https:\/\/blueseven.com\/de\/store-finder\/\" target=\"_blank\" rel=\"noopener noreferrer\">Klicken Sie hier um zu unserem Store Finder zu kommen.\u00a0<\/a><\/p>\n<\/div>\n<\/li>\n<li>\n<h3>Sind alle H\u00e4ndler im Store Finder zu finden?<\/h3>\n<div>\n<p><span>Nein, nur diejenigen, die sich schriftlich mit der Ver\u00f6ffentlichung ihrer Daten einverstanden erkl\u00e4rt haben. Wenn Sie keinen H\u00e4ndler in Ihrer N\u00e4he finden, k\u00f6nnen Sie uns gerne anrufen, und wir werden einen H\u00e4ndler in Ihrer N\u00e4he suchen.<\/span><\/p>\n<\/div>\n<\/li>\n<li>\n<h3>Wie ist die Gr\u00f6\u00dfentabelle f\u00fcr Kinderbekleidung bei BLUE SEVEN?<\/h3>\n<div>\n<p><span>Die Angaben der K\u00f6rpergr\u00f6\u00dfen sind in Zentimeter. Bitte beachten Sie dass es sich bei den Angaben um Altersgruppen handelt, die wir f\u00fcr diese Styles empfehlen. <\/span><\/p>\n<p><a href=\"https:\/\/blueseven.com\/de\/size-guide\/\" target=\"_blank\" rel=\"noopener noreferrer\">Klicken Sie hier um zu unserer Gr\u00f6\u00dfentabelle zu kommen.\u00a0<\/a><\/p>\n<\/div>\n<\/li>\n<li>\n<h3>Was passiert wenn ein gekauftes Kleidungsst\u00fcck besch\u00e4digt ist?<\/h3>\n<div>\n<p><span>Trotz intensiver Qualit\u00e4tskontrollen kann es vorkommen, dass ein Kleidungsst\u00fcck fehlerhaft ist. In diesem Fall bitten wir Sie, sich unter Vorlage des Kassenbons an Ihren H\u00e4ndler zu wenden.<\/span><span> <\/span><\/p>\n<\/div>\n<\/li>\n<\/ul>\n<p><!--more--><br \/>\n<!-- {\"type\":\"layout\",\"children\":[{\"type\":\"section\",\"props\":{\"image_position\":\"center-center\",\"style\":\"default\",\"title_breakpoint\":\"xl\",\"title_position\":\"top-left\",\"title_rotation\":\"left\",\"vertical_align\":\"\",\"width\":\"default\"},\"children\":[{\"type\":\"row\",\"children\":[{\"type\":\"column\",\"props\":{\"image_position\":\"center-center\",\"position_sticky_breakpoint\":\"m\"},\"children\":[{\"type\":\"image\",\"props\":{\"image\":\"wp-content\\\/uploads\\\/2026\\\/02\\\/mixss26.jpg\",\"image_svg_color\":\"emphasis\",\"image_width\":\"1280\",\"margin\":\"default\"}},{\"type\":\"headline\",\"props\":{\"content\":\"Frequently asked questions\",\"text_align\":\"center\",\"title_element\":\"h1\"}},{\"name\":\"Switcher Tabs Left\",\"type\":\"switcher\",\"children\":[{\"type\":\"switcher_item\",\"props\":{\"content\":\"\n\n<p><span>You can buy BLUE SEVEN at selected retailers and in selected onlineshops. You can find a retailer nearby as well as a list with the onlineshops offering BLUE SEVEN, in our Store Finder.<\\\/span><\\\/p>\\n\n\n<p><a href=\\\"https:\\\/\\\/blueseven.com\\\/store-finder\\\/\\\" target=\\\"_blank\\\" rel=\\\"noopener noreferrer\\\">To visit our Store Finder click here\\u00a0<\\\/a><\\\/p>\",\"image\":\"\",\"meta\":\"\",\"title\":\"Where can you buy BLUE SEVEN? \"}},{\"type\":\"switcher_item\",\"props\":{\"content\":\"\n\n<p><span>No, only those who agreed in written form to publish their data. If you do not find a retailer nearby, you are welcome to call us and we will look for a retailer close to you.<\\\/span><\\\/p>\",\"title\":\"Are all retailers listed in the Store Finder?\"}},{\"type\":\"switcher_item\",\"props\":{\"content\":\"\n\n<p><span>The information is always in body height in centimeter. The information about age is always the age for which the style is recommended. <\\\/span><\\\/p>\\n\n\n<p><a href=\\\"https:\\\/\\\/blueseven.com\\\/size-guide\\\/\\\" target=\\\"_blank\\\" rel=\\\"noopener noreferrer\\\">Please Click here to the size chart for BLUE SEVEN\\u00a0<\\\/a><\\\/p>\",\"title\":\"How is the size chart for kids clothes of BLUE SEVEN?\"}},{\"type\":\"switcher_item\",\"props\":{\"content\":\"\n\n<p><span>Despite intensive quality controls it can happen that your piece of clothing is faulty. In this case we kindly ask you to contact your retailer by providing the receipt.<\\\/span><span> <\\\/span><\\\/p>\",\"title\":\"What can I do if my piece of clothing is faulty?\"}}],\"props\":{\"content_column_breakpoint\":\"m\",\"image_align\":\"top\",\"image_grid_breakpoint\":\"m\",\"image_grid_width\":\"1-2\",\"image_svg_color\":\"emphasis\",\"link_style\":\"default\",\"link_text\":\"Read more\",\"margin\":\"large\",\"margin_remove_bottom\":false,\"margin_remove_top\":false,\"meta_align\":\"below-title\",\"meta_element\":\"div\",\"meta_style\":\"text-meta\",\"nav\":\"subnav-divider\",\"nav_align\":\"left\",\"nav_grid_breakpoint\":\"m\",\"nav_grid_column_gap\":\"large\",\"nav_grid_row_gap\":\"large\",\"nav_grid_width\":\"1-2\",\"nav_position\":\"left\",\"nav_style_primary\":false,\"nav_vertical_align\":false,\"show_content\":true,\"show_image\":true,\"show_label\":true,\"show_link\":true,\"show_meta\":true,\"show_thumbnail\":true,\"show_title\":true,\"switcher_animation\":\"fade\",\"switcher_height\":false,\"switcher_style_primary\":false,\"thumbnav_height\":\"75\",\"thumbnav_svg_color\":\"emphasis\",\"thumbnav_width\":\"100\",\"title_align\":\"top\",\"title_decoration\":\"divider\",\"title_element\":\"h3\",\"title_grid_breakpoint\":\"m\",\"title_grid_width\":\"1-2\",\"title_margin\":\"xlarge\",\"title_style\":\"h3\"}}]}]}]}],\"version\":\"4.4.8\"} --><\/p>","protected":false},"excerpt":{"rendered":"<p>Frequently asked questions Where can you buy BLUE SEVEN? You can buy BLUE SEVEN at selected retailers and in selected onlineshops. You can find a retailer nearby as well as a list with the onlineshops offering BLUE SEVEN, in our Store Finder. To visit our Store Finder click here\u00a0 Are all retailers listed in the [&hellip;]<\/p>","protected":false},"author":1,"featured_media":0,"parent":0,"menu_order":0,"comment_status":"closed","ping_status":"closed","template":"","meta":{"footnotes":""},"class_list":["post-121","page","type-page","status-publish","hentry"],"_links":{"self":[{"href":"https:\/\/blueseven.com\/de\/wp-json\/wp\/v2\/pages\/121","targetHints":{"allow":["GET"]}}],"collection":[{"href":"https:\/\/blueseven.com\/de\/wp-json\/wp\/v2\/pages"}],"about":[{"href":"https:\/\/blueseven.com\/de\/wp-json\/wp\/v2\/types\/page"}],"author":[{"embeddable":true,"href":"https:\/\/blueseven.com\/de\/wp-json\/wp\/v2\/users\/1"}],"replies":[{"embeddable":true,"href":"https:\/\/blueseven.com\/de\/wp-json\/wp\/v2\/comments?post=121"}],"version-history":[{"count":21,"href":"https:\/\/blueseven.com\/de\/wp-json\/wp\/v2\/pages\/121\/revisions"}],"predecessor-version":[{"id":2115,"href":"https:\/\/blueseven.com\/de\/wp-json\/wp\/v2\/pages\/121\/revisions\/2115"}],"wp:attachment":[{"href":"https:\/\/blueseven.com\/de\/wp-json\/wp\/v2\/media?parent=121"}],"curies":[{"name":"wp","href":"https:\/\/api.w.org\/{rel}","templated":true}]}}