{"id":123,"date":"2023-09-03T22:01:39","date_gmt":"2023-09-03T22:01:39","guid":{"rendered":"https:\/\/blueseven.com\/?page_id=123"},"modified":"2024-01-14T19:09:05","modified_gmt":"2024-01-14T19:09:05","slug":"about-us","status":"publish","type":"page","link":"https:\/\/blueseven.com\/de\/about-us\/","title":{"rendered":"\u00dcber uns"},"content":{"rendered":"<h1>Unsere Geschichte<\/h1>\n<ul>\n<li>\n<p>        <img decoding=\"async\" src=\"\/wp-content\/uploads\/2023\/11\/01.png\" alt=\"\"><\/p>\n<h3>VON OBERSTAUFEN IN DIE WELT<\/h3>\n<p>Furniture<\/p>\n<div>\n<p>Die Geschichte von Blue Seven entspringt zu Beginn des 20. Jahrhunderts, in einem kleinen Ort namens Ried in S\u00fcddeutschland, der inmitten eines paradiesischen Naturparks liegt und in dem das Unternehmen Obermeyer gegr\u00fcndet wurde. Wir \u00fcberzeugen nun seit mehr als 90 Jahren durch qualitativ hochwertige Mode zu kommerziellen Preisen, inspiriert durch die neuesten Trends im In- und Ausland.<\/p>\n<\/div>\n<p><a href=\"#\">Read More<\/a><\/p>\n<\/li>\n<li>\n<p>        <img decoding=\"async\" src=\"\/wp-content\/uploads\/2023\/11\/02.png\" alt=\"\"><\/p>\n<h3>1922 \u2013 1939<\/h3>\n<div>\n<p>In dem bayrischen Kurort, nahe der \u00f6sterreichischen Grenze, erkannte die aus Ostpreu\u00dfen zugezogene Mina Obermeyer die steigende Nachfrage nach Textilien, Kurzwaren und Bekleidung und sah darin eine M\u00f6glichkeit, den Lebensunterhalt ihrer Familie zu unterst\u00fctzen. Die Kombination aus ihrer Begeisterung und dem Gesp\u00fcr f\u00fcr die aufkommenden Stils in der Modewelt, erwies sich als Erfolgsformel.<\/p>\n<p>Das Unternehmen, welches 1924 als kleiner Einzelhandel mit Sportartikeln, Kurzwaren und stilvoller Alltagsbekleidung angefangen hatte, entwickelte sich weiter. Nur wenige Jahre sp\u00e4ter zog Mina mit ihrem Ehemann Fritz H. Obermeyer und mit ihren beiden S\u00f6hnen Klaus und Heinrich in ein gr\u00f6\u00dferes Anwesen in Kalzhofen bei Oberstaufen.<\/p>\n<\/div>\n<p><a href=\"#\">Read More<\/a><\/p>\n<\/li>\n<li>\n<p>        <img decoding=\"async\" src=\"\/wp-content\/uploads\/2023\/11\/03.png\" alt=\"\"><\/p>\n<div>\n<p>Der Umzug nach Oberstaufen um 1930 zeichnete sich als pr\u00e4gnante Karriereentscheidung aus, da in der aufstrebenden Marktgemeinde ein zunehmender Fremdenverkehr auf sich aufmerksam machte, der sich sowohl auf dem Wachstum als auch auf den Umsatz des Einzelhandels positiv auswirkte.<\/p>\n<p>.<\/p>\n<\/div>\n<p><a href=\"#\">Read More<\/a><\/p>\n<\/li>\n<li>\n<p>        <img decoding=\"async\" src=\"\/wp-content\/uploads\/2023\/11\/04.png\" alt=\"\"><\/p>\n<h3>1939-1945<\/h3>\n<div>\n<p>Es folgten herausfordernde Zeiten f\u00fcr die Familie Obermeyer. Mina Obermeyer war J\u00fcdin und mit dem Kunstmaler Fritz Obermeyer verheiratet, welcher nach den N\u00fcrnberger Rassegesetzen als \u201eArier\u201c eingestuft wurde. Obwohl dieser Umstand die Deportation von Mina und ihren zwei S\u00f6hnen in ein Vernichtungslager verhinderte, wurde das Gesch\u00e4ft w\u00e4hrend dieser Zeit vom NS-Regime geschlossen. Auch ihr Ehemann Fritz durfte vorerst seinen Beruf als Kunstmaler nicht mehr aus\u00fcben. Die Familie Obermeyer sicherte sich ihren Lebensunterhalt durch ihre eigene, kleine Landwirtschaft.<\/p>\n<p>In den fr\u00fchen Nachkriegsjahren kamen wieder weitaus bessere Zeiten f\u00fcr die Familie Obermeyer, denn nicht nur das Unternehmen florierte, sondern ebenfalls die Familie. Die S\u00f6hne von Mina und ihrem Mann Fritz wuchsen heran und begannen in die Berufswelt reinzuschnuppern.<\/p>\n<p>Nach seinem Abschluss als Flugzeugbauingenieur traf Klaus Obermeyer mit 27 Jahren die Entscheidung nach Amerika auszuwandern, wo er f\u00fcr die Skischule seines Freundes, Friedl Pfeiffer, einem Skirennl\u00e4ufer aus \u00d6sterreich, arbeitete. Diese T\u00e4tigkeit f\u00fchrte zur Gr\u00fcndung von Sport Obermeyer im Jahr 1947.<\/p>\n<\/div>\n<p><a href=\"#\">Read More<\/a><\/p>\n<\/li>\n<li>\n<p>        <img decoding=\"async\" src=\"\/wp-content\/uploads\/2023\/11\/05.png\" alt=\"\"><\/p>\n<div>\n<p>W\u00e4hrend der eine Sohn sein Geschick und Talent f\u00fcr die Wintermode in den Staaten unter Beweis stellte, wuchs bei Heinrich kontinuierlich das Interesse am Familienunternehmen. Er unterst\u00fctzte seine Mutter bei der allt\u00e4glichen Arbeit und zusammen starteten sie neu durch. Heinrich Obermeyer sah eine Chance, ergriff sie und \u00fcberzeugte seine Mutter davon, dass die Zeit gekommen war sich weiterzuentwickeln. Durch die erfolgreiche Zusammenarbeit des Mutter-Sohn-Gespanns und die Heranbildung einer neuen dynamischen zukunftsorientierten Gesch\u00e4ftspolitik, machten sie sich einen unverwechselbaren Namen in der Branche.<\/p>\n<\/div>\n<p><a href=\"#\">Read More<\/a><\/p>\n<\/li>\n<li>\n<p>        <img decoding=\"async\" src=\"\/wp-content\/uploads\/2023\/11\/06.png\" alt=\"\"><\/p>\n<h3>1949 - Gr\u00fcndung von Blue Seven <\/h3>\n<div>\n<p>Auf Anraten seiner Familie \u00fcbernahm Sohn Heinrich 1949 das Familienunternehmen und heiratete im Jahr 1958 seine langj\u00e4hrige Vertraute Cilly Kirchmann, die von Anfang an die Begeisterung f\u00fcr die Modebranche mit ihrem Mann teilte. Aus dem Einzelhandel in Oberstaufen erschloss sich in den n\u00e4chsten Jahren eine Ladenkette mit rund 27 Filialen, die sich im Allg\u00e4u, dem Bodenseeraum und im Schwarzwald niedergelassen haben. Die Produktion der Firma fand auf der Schw\u00e4bischen Alb, in Italien, in der T\u00fcrkei, in Griechenland und bereits ab den sp\u00e4ten 60er Jahren auch in Indien und Hongkong statt.<\/p>\n<\/div>\n<p><a href=\"#\">Read More<\/a><\/p>\n<\/li>\n<li>\n<p>        <img decoding=\"async\" src=\"\/wp-content\/uploads\/2023\/11\/07.png\" alt=\"\"><\/p>\n<div>\n<p><span>Mitte 1970 wurde schlie\u00dflich die Marke Blue Seven eingef\u00fchrt, die exklusiv f\u00fcr den Fachhandel gedacht war. Die 1970er Jahre waren eine Zeit der Weiterentwicklung und neuer Ideen. Heinrich Obermeyer gr\u00fcndete zusammen mit dem \u00d6sterreicher Otto Burger ein weiteres Unternehmen, die Obermeyer &amp; Burger Textilhandelsgesellschaft mbH - Generalimporteur f\u00fcr \u00d6sterreich, in der N\u00e4he von Bregenz. Beide Gesch\u00e4ftsf\u00fchrer sch\u00e4tzten nicht nur die gute Zusammenarbeit auf beruflicher Ebene, sondern ebenfalls auf privater und es entwickelte sich eine langj\u00e4hrige Freundschaft. Im Laufe des neuen Jahrzehnts, charakterisierte sich der H. Obermeyer &amp; Co. Konzern besonders in Deutschland zu einem bedeutenden Familienunternehmen. Zudem verwandelte sich der Betrieb zu einem international agierenden Importunternehmen auf dem Bekleidungssektor mit Gesch\u00e4ftsverbindungen bis nach China. Cilly und Heinrich Obermeyer entschlossen sich 1984 dazu die Ladenkette an einen langj\u00e4hrigen Gesch\u00e4ftsfreund zu verkaufen und vertieften sich auf das Import- und Exportgesch\u00e4ft mit au\u00dferordentlich erfolgreichen weltumspannenden Aktivit\u00e4ten.<\/span><\/p>\n<\/div>\n<p><a href=\"#\">Read More<\/a><\/p>\n<\/li>\n<li>\n<p>        <img decoding=\"async\" src=\"\/wp-content\/uploads\/2023\/11\/08.png\" alt=\"\"><\/p>\n<h3>1987 &#8211; 2022<\/h3>\n<div>\n<p><span>Michael Obermeyer, der Enkel der Firmengr\u00fcnderin Mina Obermeyer, \u00fcbernahm 1987 die Position des Vorsitzenden Gesch\u00e4ftsf\u00fchrers und somit wurde das Unternehmen in der dritten Generation weitergef\u00fchrt. In den folgenden Jahren wurde ein Gro\u00dfteil der Produktion von Europa nach Asien verlegt und zudem eigene B\u00fcros zur Qualit\u00e4tskontrolle aufgebaut.<\/span><\/p>\n<p><span>Herr Obermeyer lag die Einhaltung bindender Bestimmungen, die zur Verbesserung des sozialen Standards in der internationalen Wertsch\u00f6pfungskette beitragen, sehr am Herzen. Er entschloss sich dazu etliche Compliance Ma\u00dfnahmen wie die amfori Business Social Compliance Initiative einzuf\u00fchren und dem International Accord beizutreten. Um auf nationaler und internationaler Ebene die Entwicklung der Firma weiterhin zu f\u00f6rdern, wurde der Bau sowohl zus\u00e4tzlicher Lager als auch B\u00fcrogeb\u00e4ude veranlasst. Zus\u00e4tzlich dazu wurden in Europa Orderb\u00fcros er\u00f6ffnet. Er gr\u00fcndet die Tochtergesellschaft Fashion Highlight in Hongkong und baut die Designabteilung in Oberstaufen weiter aus.<\/span><\/p>\n<p><span>Ende 1990, nach seiner R\u00fcckkehr aus New York, wo Andreas Burger seinen Bachelor in International Trade &amp; Marketing for the Fashion Industries absolvierte, startete der Sohn von Otto Burger seine berufliche Karriere als International Sales Manager bei Blue Seven. In den kommenden Jahren entwickelte sich die Zusammenarbeit so erfolgreich weiter, dass Herr Burger ab 2011 die Verantwortung als zus\u00e4tzlicher Gesellschafter und Gesch\u00e4ftsf\u00fchrer \u00fcbernahm.<\/span><\/p>\n<\/div>\n<p><a href=\"#\">Read More<\/a><\/p>\n<\/li>\n<li>\n<p>        <img decoding=\"async\" src=\"\/wp-content\/uploads\/2023\/11\/09.png\" alt=\"\"><\/p>\n<h3>Seit Februar 2022<\/h3>\n<div>\n<p><span>Ein neues Kapitel begann, als Andreas Burger, ein langj\u00e4hriger Gesellschafter der H. Obermeyer GmbH &amp; Co. KG, im Rahmen einer zukunftsweisenden Nachfolgeregelung zum 01. Februar 2022, alle Anteile \u00fcbernahm und so die Fortsetzung der Blue Seven Erfolgsgeschichte sicherte. Gleichwohl das Unternehmen nicht von einem weiteren Mitglied der Obermeyer Familie \u00fcbernommen wurde und man so nicht von einer direkten \u00dcbernahme in 4. Generation sprechen kann, war es Michael Obermeyer wichtig, dass sie nicht in fremde H\u00e4nde \u00fcbergeben wird. Bei der Weiterf\u00fchrung durch Andreas Burger, der seit den 90er Jahren sehr eng mit Michael Obermeyer zusammenarbeitete, handelt es sich somit um eine interne \u00dcbernahme. Gepr\u00e4gt durch den langj\u00e4hrigen beruflichen Kontakt als auch der Freundschaft zwischen den beiden Familien sichert Andreas Burger mit der \u00dcbernahme die Kontinuit\u00e4t des Familienunternehmens.<\/span><\/p>\n<\/div>\n<p><a href=\"#\">Read More<\/a><\/p>\n<\/li>\n<\/ul>\n<p><!--more--><br \/>\n<!-- {\"type\":\"layout\",\"children\":[{\"type\":\"section\",\"props\":{\"image_position\":\"center-center\",\"style\":\"default\",\"title_breakpoint\":\"xl\",\"title_position\":\"top-left\",\"title_rotation\":\"left\",\"vertical_align\":\"middle\",\"width\":\"default\"},\"children\":[{\"type\":\"row\",\"children\":[{\"type\":\"column\",\"props\":{\"image_position\":\"center-center\",\"position_sticky_breakpoint\":\"m\"},\"children\":[{\"type\":\"headline\",\"props\":{\"content\":\"About us\",\"text_align\":\"center\",\"title_element\":\"h1\"}},{\"name\":\"Panel Slider Image Left\",\"type\":\"panel-slider\",\"children\":[{\"type\":\"panel-slider_item\",\"props\":{\"content\":\"\n\n<p>The story of Blue Seven began in the 1920s within the serene town of Ried, nestled amidst a tranquil nature reserve, where the Obermeyer family laid the cornerstone of their business. For over 90 years, Blue Seven has remained committed to delighting our customers with top-notch fashion, priced affordably, while drawing inspiration from the latest trends, both on a national and international level.<\\\/p>\",\"image\":\"wp-content\\\/uploads\\\/2023\\\/11\\\/01.png\",\"link\":\"#\",\"meta\":\"Furniture\",\"title\":\"FROM OBERSTAUFEN TO THE WORLD\"}},{\"type\":\"panel-slider_item\",\"props\":{\"content\":\"\n\n<p>In the tranquil Bavarian village near the Austrian border, Mina Obermeyer, an immigrant from East Prussia, keenly observed the rising demand for fabrics, haberdashery, and clothing. She recognized this as an opportunity to contribute to her family's income. Her enthusiasm and innate understanding for evolving fashion trends would prove to be a winning combination.<\\\/p>\\n\n\n<p>Originally established in 1924 as a small retail shop specializing in sporting goods, haberdashery, and fashionable everyday attire, the business continued to evolve. Just a few years later, Mina, along with her husband Fritz H. Obermeyer and their two sons, Klaus and Heinrich, relocated to a larger residence in Kalzhofen near Oberstaufen.<\\\/p>\",\"image\":\"wp-content\\\/uploads\\\/2023\\\/11\\\/02.png\",\"link\":\"#\",\"meta\":\"\",\"title\":\"1922 \\u2013 1939\"}},{\"type\":\"panel-slider_item\",\"props\":{\"content\":\"\n\n<p>Upon moving to Oberstaufen, the Obermeyer family used a large space within their private estate to serve as a salesroom. The 300-year-old family house remains in the family's possession. It has since been repurposed and now serves as an office building for Blue Seven.<\\\/p>\\n\n\n<p>The decision to move to Oberstaufen in the 1930s proved valuable, as the town's increasing popularity among tourists resulted in a boost in revenue.<\\\/p>\",\"image\":\"wp-content\\\/uploads\\\/2023\\\/11\\\/03.png\",\"link\":\"#\",\"meta\":\"\",\"title\":\"\"}},{\"type\":\"panel-slider_item\",\"props\":{\"content\":\"\n\n<p>Very harsh and tough times followed for the family during World War II. Mina Obermeyer was Jewish and married to the painter Fritz Obermeyer, who was considered an \\u201cAryan\\u201d, according to the Nuremberg Race Laws. While Fritz Obermeyer\\u2019s background meant that Mina and her two sons would not be deported and sent to an extermination camp, the business was closed by the National Socialists. For the time being, her husband Fritz was also no longer allowed to pursue his profession as a painter. Despite the circumstances, the Obermeyer family was able to secure their livelihood through a modest farm in their possession.<\\\/p>\\n\n\n<p>In the years following the war, the Obermeyer family and their business experienced a significant upturn. Mina and Fritz\\u2019s sons came of age and gained their first experiences in the business world.<\\\/p>\\n\n\n<p>After graduating as an aircraft engineer, Klaus Obermeyer decided to expatriate to the United States at the age of 27, where he worked for his friend, and former ski racer Friedl Pfeiffer, as a ski instructor. This experience in winter sports eventually resulted in Klaus founding Sport Obermeyer in 1947.<\\\/p>\",\"image\":\"wp-content\\\/uploads\\\/2023\\\/11\\\/04.png\",\"link\":\"#\",\"meta\":\"\",\"title\":\"1939-1945\"}},{\"type\":\"panel-slider_item\",\"props\":{\"content\":\"\n\n<p>Whilst Klaus demonstrated his skills and talent for winter fashion in the United States, Heinrich\\u2019s interest in the family company grew stronger. He supported his mother with the day-to-day business. Eventually Heinrich saw an opportunity in the market and convinced his mother that the time had come to evolve the company and innovate. Through their successful cooperation and the development of a new, dynamic, future-oriented business policy, they made an undeniable name for themselves in the industry.<\\\/p>\",\"image\":\"wp-content\\\/uploads\\\/2023\\\/11\\\/05.png\",\"link\":\"#\",\"meta\":\"\",\"title\":\"\"}},{\"type\":\"panel-slider_item\",\"props\":{\"content\":\"\n\n<p>In 1949, Heinrich finally took over the family business and married his long-time confidante Cilly Kirchmann in 1958.From the very beginning Cilly shared her husband\\u2019s enthusiasm for the fashion industry. Over the coming years, the retail business in Oberstaufen developed into a chain of retail shops with around 27 locations in the region of Allg\\u00e4u, Lake Constance, and the Black Forest. The company\\u2019s production took place in the Swabian Alb, in Italy, in Turkey, in Greece, and from the late 1960s onwards, also in India and Hong Kong.<\\\/p>\",\"image\":\"wp-content\\\/uploads\\\/2023\\\/11\\\/06.png\",\"link\":\"#\",\"meta\":\"\",\"title\":\"1949 - Founding of Blue Seven \"}},{\"type\":\"panel-slider_item\",\"props\":{\"content\":\"\n\n<p><span>In the 1970s, the Blue Seven label was finally introduced, exclusively for professional retailers. The 70s were a time of further development and new ideas. A new company, Obermeyer und Burger Textilhandelsgesellschaft mbH, emerged fromHeinrich\\u2019s long standing professional and personal relationship with Otto Burger, an Austrian businessman. This subsidiary served as a general distributor for the Austrian market. In the following decade, the H. Obermeyer &amp; Co.Group developed into a household name in Germany. In addition, the company transformed itself into an internationally operating import enterprise in the clothing segment with global business connections stretching from Europe to Asia and beyond. In 1984, Cilly and Heinrich Obermeyer decided to sell the retail chain to a long-time business friend to focus on the more prosperous import and export business, which brought extraordinary success to the family.<\\\/span><\\\/p>\",\"image\":\"wp-content\\\/uploads\\\/2023\\\/11\\\/07.png\",\"link\":\"#\",\"meta\":\"\",\"title\":\"\"}},{\"type\":\"panel-slider_item\",\"props\":{\"content\":\"\n\n<p><span>In 1987, Michael Obermeyer, the grandson of the company's founder, Mina Obermeyer, took on the role of Chief Executive Officer, marking the continuation of the business into its third generation. During this time, a significant portion of the production shifted from Europe to Asia, where quality control offices were established.<\\\/span><br \\\/><br \\\/><span>Committed to adhering to regulations that improve social standards in the global value chain, Michael Obermeyer introduced various compliance measures such as the amfori Business Social Compliance Initiative and the International Accord. This era also brought forward large investments in the company\\u2019s national and international facilities, including additional warehouses and office buildings and multiple new showrooms across Europe. Furthermore, the subsidiary, Fashion Highlight, in Hong Kong was founded to manage the quality control offices in Asia. Additionally, the design department in Oberstaufen was expanded.<\\\/span><br \\\/><br \\\/><span>In the late 1990s, Andreas Burger, Otto Burger\\u2019s son assumed the role of International Sales Manager at Blue Seven. Prior to this, he had completed his bachelor's degree in International Trade &amp; Marketing for the Fashion Industry at FIT in New York and had gained valuable industry experience at Barney\\u2019s New York.Throughout the years, the collaboration between the younger generation proved highly successful, leading to Andreas becoming an affiliated shareholder and Chief Executive Officer in 2011.<\\\/span><\\\/p>\",\"image\":\"wp-content\\\/uploads\\\/2023\\\/11\\\/08.png\",\"link\":\"#\",\"meta\":\"\",\"title\":\"1987 - 2022\"}},{\"type\":\"panel-slider_item\",\"props\":{\"content\":\"\n\n<p><span>A new era began for the company, when Andreas Burger, the long-standing minority shareholder, and Chief Executive Officer of H. Obermeyer GmbH &amp; Co. KG, took over all the shares, as part of an internal succession plan on February 1, 2022, ensuring the enduring success of the Blue Seven brand. This transition in ownership is marked by deep rooted family bonds and a long standing professional and personal relationship, guaranteeing the prosperous continuation of the esteemed family business, H. Obermeyer GmbH &amp; Co. KG.<\\\/span><\\\/p>\",\"image\":\"wp-content\\\/uploads\\\/2023\\\/11\\\/09.png\",\"link\":\"#\",\"meta\":\"\",\"title\":\"2022 - Present\"}}],\"props\":{\"container_padding_remove\":true,\"content_column_breakpoint\":\"m\",\"icon_width\":80,\"image_align\":\"left\",\"image_grid_breakpoint\":\"s\",\"image_grid_column_gap\":\"large\",\"image_grid_width\":\"1-2\",\"image_link\":true,\"image_svg_color\":\"emphasis\",\"image_vertical_align\":true,\"image_width\":\"900\",\"link_margin\":\"large\",\"link_style\":\"text\",\"link_text\":\"Read More\",\"margin\":\"medium\",\"meta_align\":\"above-title\",\"meta_element\":\"div\",\"meta_margin\":\"remove\",\"meta_style\":\"text-meta\",\"nav\":\"dotnav\",\"nav_align\":\"center\",\"nav_breakpoint\":\"s\",\"nav_margin\":\"medium\",\"panel_card_match\":false,\"panel_card_offset\":true,\"panel_image_no_padding\":true,\"panel_link\":false,\"panel_padding\":\"small\",\"show_content\":true,\"show_image\":true,\"show_link\":false,\"show_meta\":false,\"show_title\":true,\"slidenav\":\"outside\",\"slidenav_breakpoint\":\"\",\"slidenav_hover\":false,\"slidenav_large\":false,\"slidenav_margin\":\"\",\"slidenav_outside_breakpoint\":\"s\",\"slider_autoplay_pause\":true,\"slider_center\":false,\"slider_gap\":\"large\",\"slider_sets\":true,\"slider_width\":\"fixed\",\"slider_width_default\":\"1-1\",\"slider_width_medium\":\"\",\"text_align\":\"center\",\"title_align\":\"top\",\"title_element\":\"h3\",\"title_grid_breakpoint\":\"m\",\"title_grid_width\":\"1-2\",\"title_hover_style\":\"reset\",\"title_link\":true,\"title_margin\":\"small\",\"title_style\":\"h2\"}}]}]}]},{\"type\":\"section\",\"props\":{\"image_position\":\"center-center\",\"style\":\"default\",\"title_breakpoint\":\"xl\",\"title_position\":\"top-left\",\"title_rotation\":\"left\",\"vertical_align\":\"middle\",\"width\":\"default\"},\"children\":[{\"type\":\"row\",\"children\":[{\"type\":\"column\",\"props\":{\"image_position\":\"center-center\",\"position_sticky_breakpoint\":\"m\"}}]}]}],\"version\":\"4.0.11\"} --><\/p>","protected":false},"excerpt":{"rendered":"<p>About us FROM OBERSTAUFEN TO THE WORLD Furniture The story of Blue Seven began in the 1920s within the serene town of Ried, nestled amidst a tranquil nature reserve, where the Obermeyer family laid the cornerstone of their business. For over 90 years, Blue Seven has remained committed to delighting our customers with top-notch fashion, [&hellip;]<\/p>","protected":false},"author":1,"featured_media":0,"parent":0,"menu_order":0,"comment_status":"closed","ping_status":"closed","template":"","meta":{"footnotes":""},"class_list":["post-123","page","type-page","status-publish","hentry"],"_links":{"self":[{"href":"https:\/\/blueseven.com\/de\/wp-json\/wp\/v2\/pages\/123","targetHints":{"allow":["GET"]}}],"collection":[{"href":"https:\/\/blueseven.com\/de\/wp-json\/wp\/v2\/pages"}],"about":[{"href":"https:\/\/blueseven.com\/de\/wp-json\/wp\/v2\/types\/page"}],"author":[{"embeddable":true,"href":"https:\/\/blueseven.com\/de\/wp-json\/wp\/v2\/users\/1"}],"replies":[{"embeddable":true,"href":"https:\/\/blueseven.com\/de\/wp-json\/wp\/v2\/comments?post=123"}],"version-history":[{"count":67,"href":"https:\/\/blueseven.com\/de\/wp-json\/wp\/v2\/pages\/123\/revisions"}],"predecessor-version":[{"id":1176,"href":"https:\/\/blueseven.com\/de\/wp-json\/wp\/v2\/pages\/123\/revisions\/1176"}],"wp:attachment":[{"href":"https:\/\/blueseven.com\/de\/wp-json\/wp\/v2\/media?parent=123"}],"curies":[{"name":"wp","href":"https:\/\/api.w.org\/{rel}","templated":true}]}}