{"id":266,"date":"2023-09-04T01:24:01","date_gmt":"2023-09-04T01:24:01","guid":{"rendered":"https:\/\/blueseven.com\/?page_id=266"},"modified":"2026-02-13T14:20:51","modified_gmt":"2026-02-13T14:20:51","slug":"kids","status":"publish","type":"page","link":"https:\/\/blueseven.com\/de\/kids\/","title":{"rendered":"Kids"},"content":{"rendered":"<p><img decoding=\"async\" src=\"\/wp-content\/uploads\/2023\/10\/kids.png\" alt=\"\"><\/p>\n<h1>\n<h4 style=\"text-align: center;\"><span>Fr\u00fchling \u00b7 Sommer Kollektion 2026<br \/><\/span><span>Gr\u00f6\u00dfe 98-134 (3-9 Jahre)<br \/><\/span><\/h4>\n<\/h1>\n<div>\n<p style=\"text-align: center;\">Die Kollektion zeigt eine farbenfrohe, verspielte Themenwelt voller Fantasie, Leichtigkeit und Tragekomfort. Von fruchtigen, floralen, m\u00e4rchenhaften und maritimen Styles f\u00fcr M\u00e4dchen bis hin zu abenteuerlichen Themen wie Dschungel, Fahrzeuge, Dinos, Fu\u00dfball und Unterwasserwelten f\u00fcr Jungen verbinden die Kollektionen ausdrucksstarke Prints, frische Farben und liebevolle Details mit bequemen, robusten Materialien. Abgerundet wird das Sortiment durch starke Essentials und Swimwear, die vielseitige Looks f\u00fcr Alltag, Spiel und sonnige Sommertage bieten. <br><\/p>\n<\/div>\n<p><img decoding=\"async\" src=\"\/wp-content\/uploads\/2026\/02\/MTX_2422_SS26.jpeg\" alt=\"\"><br \/>\n<img decoding=\"async\" src=\"\/wp-content\/uploads\/2026\/02\/MTX_3625_SS26.jpeg\" alt=\"\"><br \/>\n<img decoding=\"async\" src=\"\/wp-content\/uploads\/2026\/02\/MTX_2645_SS26.jpeg\" alt=\"\"><br \/>\n<img decoding=\"async\" src=\"\/wp-content\/uploads\/2026\/02\/MTX_2949_SS26.jpeg\" alt=\"\"><br \/>\n<img decoding=\"async\" src=\"\/wp-content\/uploads\/2026\/02\/MTX_3535_SS26.jpeg\" alt=\"\"><br \/>\n<img decoding=\"async\" src=\"\/wp-content\/uploads\/2026\/02\/MTX_3243_SS26.jpeg\" alt=\"\"><\/p>\n<ul>\n<li>\n        <a href=\"https:\/\/blueseven.com\/de\/store-finder\/\">Store finder<\/a>\n    <\/li>\n<li>\n        <a href=\"https:\/\/blueseven.com\/de\/contact\/\">Kontaktiere uns! <\/a>\n    <\/li>\n<\/ul>\n<p><!--more--><br \/>\n<!-- {\"type\":\"layout\",\"children\":[{\"type\":\"section\",\"props\":{\"image_position\":\"center-center\",\"style\":\"default\",\"title_breakpoint\":\"xl\",\"title_position\":\"top-left\",\"title_rotation\":\"left\",\"vertical_align\":\"\",\"width\":\"default\"},\"children\":[{\"type\":\"row\",\"children\":[{\"type\":\"column\",\"props\":{\"image_position\":\"center-center\",\"position_sticky_breakpoint\":\"m\"},\"children\":[{\"type\":\"image\",\"props\":{\"image\":\"wp-content\\\/uploads\\\/2023\\\/10\\\/kids.png\",\"image_svg_color\":\"emphasis\",\"margin\":\"remove-vertical\",\"margin_remove_bottom\":true,\"margin_remove_top\":true,\"text_align\":\"center\"}},{\"type\":\"headline\",\"props\":{\"content\":\"\n\n<h4 style=\\\"text-align: center;\\\"><span>Spring \\u00b7 Summer Collection 2026<br \\\/><\\\/span><span>SIZE 98-134 CM (3-9 Y)<br \\\/><\\\/span><\\\/h4>\",\"text_align\":\"center\",\"title_element\":\"h1\"}},{\"type\":\"text\",\"props\":{\"column_breakpoint\":\"m\",\"content\":\"\n\n<p style=\\\"text-align: center;\\\">The collection offers a vibrant, playful world full of imagination, color, and comfort. From fruity, floral, fantasy and beach-inspired themes for girls to adventure-driven concepts like jungle, vehicles, dinos, soccer and ocean worlds for boys, the collections combine expressive prints, cheerful color palettes and loving details with soft, durable materials. A strong essentials and swimwear offering completes the range, delivering versatile, comfortable styles for everyday wear, playtime, and sunny summer adventures. <Br><\\\/p>\",\"margin\":\"default\"}}]}]},{\"type\":\"row\",\"props\":{\"layout\":\"1-2,1-2\"},\"children\":[{\"type\":\"column\",\"props\":{\"image_position\":\"center-center\",\"position_sticky_breakpoint\":\"m\",\"width_medium\":\"1-2\"},\"children\":[{\"type\":\"image\",\"props\":{\"image\":\"wp-content\\\/uploads\\\/2026\\\/02\\\/MTX_2422_SS26.jpeg\",\"image_svg_color\":\"emphasis\",\"margin\":\"default\"}}]},{\"type\":\"column\",\"props\":{\"image_position\":\"center-center\",\"position_sticky_breakpoint\":\"m\",\"width_medium\":\"1-2\"},\"children\":[{\"type\":\"image\",\"props\":{\"image\":\"wp-content\\\/uploads\\\/2026\\\/02\\\/MTX_3625_SS26.jpeg\",\"image_svg_color\":\"emphasis\",\"margin\":\"default\"}}]}]},{\"type\":\"row\",\"children\":[{\"type\":\"column\",\"props\":{\"image_position\":\"center-center\",\"position_sticky_breakpoint\":\"m\"},\"children\":[{\"type\":\"image\",\"props\":{\"image\":\"wp-content\\\/uploads\\\/2026\\\/02\\\/MTX_2645_SS26.jpeg\",\"image_svg_color\":\"emphasis\",\"margin\":\"default\"}}]}]},{\"type\":\"row\",\"props\":{\"layout\":\"1-2,1-2\"},\"children\":[{\"type\":\"column\",\"props\":{\"image_position\":\"center-center\",\"position_sticky_breakpoint\":\"m\",\"width_medium\":\"1-2\"},\"children\":[{\"type\":\"image\",\"props\":{\"image\":\"wp-content\\\/uploads\\\/2026\\\/02\\\/MTX_2949_SS26.jpeg\",\"image_svg_color\":\"emphasis\",\"margin\":\"default\"}}]},{\"type\":\"column\",\"props\":{\"image_position\":\"center-center\",\"position_sticky_breakpoint\":\"m\",\"width_medium\":\"1-2\"},\"children\":[{\"type\":\"image\",\"props\":{\"image\":\"wp-content\\\/uploads\\\/2026\\\/02\\\/MTX_3535_SS26.jpeg\",\"image_svg_color\":\"emphasis\",\"margin\":\"default\"}}]}]},{\"type\":\"row\",\"children\":[{\"type\":\"column\",\"props\":{\"image_position\":\"center-center\",\"position_sticky_breakpoint\":\"m\"},\"children\":[{\"type\":\"image\",\"props\":{\"image\":\"wp-content\\\/uploads\\\/2026\\\/02\\\/MTX_3243_SS26.jpeg\",\"image_svg_color\":\"emphasis\",\"margin\":\"default\"}}]}]}],\"name\":\"KIDS LAYOUT GENERIC\"},{\"type\":\"section\",\"props\":{\"image_position\":\"center-center\",\"style\":\"default\",\"title_breakpoint\":\"xl\",\"title_position\":\"top-left\",\"title_rotation\":\"left\",\"vertical_align\":\"\",\"width\":\"default\"},\"children\":[{\"type\":\"row\",\"children\":[{\"type\":\"column\",\"props\":{\"image_position\":\"center-center\",\"position_sticky_breakpoint\":\"m\"},\"children\":[{\"type\":\"button\",\"props\":{\"grid_column_gap\":\"small\",\"grid_row_gap\":\"small\",\"margin\":\"default\",\"text_align\":\"center\"},\"children\":[{\"type\":\"button_item\",\"props\":{\"button_style\":\"default\",\"content\":\"Store Finder\",\"icon_align\":\"left\",\"link\":\"store-finder\\\/\"}},{\"type\":\"button_item\",\"props\":{\"button_style\":\"default\",\"content\":\"Contact Us! \",\"icon_align\":\"left\",\"link\":\"contact\\\/\"}}]}]}]}],\"name\":\"B-UNDERCOLLECTION KIDS\"}],\"version\":\"4.4.8\"} --><\/p>","protected":false},"excerpt":{"rendered":"<p>Spring \u00b7 Summer Collection 2026SIZE 98-134 CM (3-9 Y) The collection offers a vibrant, playful world full of imagination, color, and comfort. From fruity, floral, fantasy and beach-inspired themes for girls to adventure-driven concepts like jungle, vehicles, dinos, soccer and ocean worlds for boys, the collections combine expressive prints, cheerful color palettes and loving details [&hellip;]<\/p>","protected":false},"author":1,"featured_media":0,"parent":0,"menu_order":0,"comment_status":"closed","ping_status":"closed","template":"","meta":{"footnotes":""},"class_list":["post-266","page","type-page","status-publish","hentry"],"_links":{"self":[{"href":"https:\/\/blueseven.com\/de\/wp-json\/wp\/v2\/pages\/266","targetHints":{"allow":["GET"]}}],"collection":[{"href":"https:\/\/blueseven.com\/de\/wp-json\/wp\/v2\/pages"}],"about":[{"href":"https:\/\/blueseven.com\/de\/wp-json\/wp\/v2\/types\/page"}],"author":[{"embeddable":true,"href":"https:\/\/blueseven.com\/de\/wp-json\/wp\/v2\/users\/1"}],"replies":[{"embeddable":true,"href":"https:\/\/blueseven.com\/de\/wp-json\/wp\/v2\/comments?post=266"}],"version-history":[{"count":27,"href":"https:\/\/blueseven.com\/de\/wp-json\/wp\/v2\/pages\/266\/revisions"}],"predecessor-version":[{"id":2170,"href":"https:\/\/blueseven.com\/de\/wp-json\/wp\/v2\/pages\/266\/revisions\/2170"}],"wp:attachment":[{"href":"https:\/\/blueseven.com\/de\/wp-json\/wp\/v2\/media?parent=266"}],"curies":[{"name":"wp","href":"https:\/\/api.w.org\/{rel}","templated":true}]}}