{"id":267,"date":"2023-09-04T01:24:01","date_gmt":"2023-09-04T01:24:01","guid":{"rendered":"https:\/\/blueseven.com\/?page_id=267"},"modified":"2026-02-13T14:16:34","modified_gmt":"2026-02-13T14:16:34","slug":"teens","status":"publish","type":"page","link":"https:\/\/blueseven.com\/de\/teens\/","title":{"rendered":"Teens"},"content":{"rendered":"<p><img decoding=\"async\" src=\"\/wp-content\/uploads\/2023\/10\/teens.png\" alt=\"\"><\/p>\n<h1>\n<h4 style=\"text-align: center;\"><span>Fr\u00fchling \u00b7 Sommer Kollektion 2026<br \/>Gr\u00f6\u00dfe 134-176 (9-16 Jahre)<\/span><\/h4>\n<\/h1>\n<div>\n<p style=\"text-align: center;\">Die Kollektion steht f\u00fcr selbstbewusste Styles, starke Statements und individuelle Looks. Trendige Farbwelten, urbane Prints und vielseitige Serien erm\u00f6glichen kreatives Kombinieren \u2013 von minimalistisch und sportlich bis edgy und modern. Erg\u00e4nzt durch starke Basics, Sweatstyles und Swimwear bietet die Kollektion modebewusste Looks f\u00fcr Alltag, Freizeit und Sommermomente mit Pers\u00f6nlichkeit.<\/p>\n<\/div>\n<p><img decoding=\"async\" src=\"\/wp-content\/uploads\/2026\/02\/MTX_2257_SS26.jpeg\" alt=\"\"><br \/>\n<img decoding=\"async\" src=\"\/wp-content\/uploads\/2026\/02\/MTX_1245_SS26.jpeg\" alt=\"\"><br \/>\n<img decoding=\"async\" src=\"\/wp-content\/uploads\/2026\/02\/MTX_2388_SS26.jpeg\" alt=\"\"><br \/>\n<img decoding=\"async\" src=\"\/wp-content\/uploads\/2026\/02\/MTX_1530_SS26.jpeg\" alt=\"\"><br \/>\n<img decoding=\"async\" src=\"\/wp-content\/uploads\/2026\/02\/MTX_0832_SS26.jpeg\" alt=\"\"><\/p>\n<ul>\n<li>\n        <a href=\"https:\/\/blueseven.com\/de\/store-finder\/\">Store finder<\/a>\n    <\/li>\n<li>\n        <a href=\"https:\/\/blueseven.com\/de\/contact\/\">Kontaktiere uns!<\/a>\n    <\/li>\n<\/ul>\n<p><!--more--><br \/>\n<!-- {\"type\":\"layout\",\"children\":[{\"type\":\"section\",\"props\":{\"image_position\":\"center-center\",\"style\":\"default\",\"title_breakpoint\":\"xl\",\"title_position\":\"top-left\",\"title_rotation\":\"left\",\"vertical_align\":\"\",\"width\":\"default\"},\"children\":[{\"type\":\"row\",\"children\":[{\"type\":\"column\",\"props\":{\"image_position\":\"center-center\",\"position_sticky_breakpoint\":\"m\"},\"children\":[{\"type\":\"image\",\"props\":{\"image\":\"wp-content\\\/uploads\\\/2023\\\/10\\\/teens.png\",\"image_svg_color\":\"emphasis\",\"margin\":\"remove-vertical\",\"margin_remove_bottom\":true,\"margin_remove_top\":true,\"text_align\":\"center\"}},{\"type\":\"headline\",\"props\":{\"content\":\"\n\n<h4 style=\\\"text-align: center;\\\"><span>Spring \\u00b7 Summer Collection 2026<br \\\/>SIZE 134-176 (9-16 Y)<\\\/span><\\\/h4>\",\"text_align\":\"center\",\"title_element\":\"h1\"}},{\"type\":\"text\",\"props\":{\"column_breakpoint\":\"m\",\"content\":\"\n\n<p style=\\\"text-align: center;\\\">The collection stands for confident styles, strong statements, and individual expression. Trend-driven color palettes, urban prints, and versatile theme worlds allow for creative mixing and layering \\u2013 from minimalist and sporty to edgy and modern. Completed by strong basics, comfortable sweat styles, and vibrant swimwear, the collection delivers fashion-forward looks for everyday wear, leisure time, and bold summer moments.\\n\\n<\\\/p>\",\"margin\":\"default\"}}]}]},{\"type\":\"row\",\"props\":{\"layout\":\"1-2,1-2\"},\"children\":[{\"type\":\"column\",\"props\":{\"image_position\":\"center-center\",\"position_sticky_breakpoint\":\"m\",\"width_medium\":\"1-2\"},\"children\":[{\"type\":\"image\",\"props\":{\"image\":\"wp-content\\\/uploads\\\/2026\\\/02\\\/MTX_2257_SS26.jpeg\",\"image_svg_color\":\"emphasis\",\"margin\":\"default\"}}]},{\"type\":\"column\",\"props\":{\"image_position\":\"center-center\",\"position_sticky_breakpoint\":\"m\",\"width_medium\":\"1-2\"},\"children\":[{\"type\":\"image\",\"props\":{\"image\":\"wp-content\\\/uploads\\\/2026\\\/02\\\/MTX_1245_SS26.jpeg\",\"image_svg_color\":\"emphasis\",\"margin\":\"default\"}}]}]},{\"type\":\"row\",\"children\":[{\"type\":\"column\",\"props\":{\"image_position\":\"center-center\",\"position_sticky_breakpoint\":\"m\"},\"children\":[{\"type\":\"image\",\"props\":{\"image\":\"wp-content\\\/uploads\\\/2026\\\/02\\\/MTX_2388_SS26.jpeg\",\"image_svg_color\":\"emphasis\",\"margin\":\"default\"}}]}]},{\"type\":\"row\",\"props\":{\"layout\":\"1-2,1-2\"},\"children\":[{\"type\":\"column\",\"props\":{\"image_position\":\"center-center\",\"position_sticky_breakpoint\":\"m\",\"width_medium\":\"1-2\"},\"children\":[{\"type\":\"image\",\"props\":{\"image\":\"wp-content\\\/uploads\\\/2026\\\/02\\\/MTX_1530_SS26.jpeg\",\"image_svg_color\":\"emphasis\",\"margin\":\"default\"}}]},{\"type\":\"column\",\"props\":{\"image_position\":\"center-center\",\"position_sticky_breakpoint\":\"m\",\"width_medium\":\"1-2\"},\"children\":[{\"type\":\"image\",\"props\":{\"image\":\"wp-content\\\/uploads\\\/2026\\\/02\\\/MTX_0832_SS26.jpeg\",\"image_svg_color\":\"emphasis\",\"margin\":\"default\"}}]}]}]},{\"type\":\"section\",\"props\":{\"image_position\":\"center-center\",\"style\":\"default\",\"title_breakpoint\":\"xl\",\"title_position\":\"top-left\",\"title_rotation\":\"left\",\"vertical_align\":\"\",\"width\":\"default\"},\"children\":[{\"type\":\"row\",\"children\":[{\"type\":\"column\",\"props\":{\"image_position\":\"center-center\",\"position_sticky_breakpoint\":\"m\"},\"children\":[{\"type\":\"button\",\"props\":{\"grid_column_gap\":\"small\",\"grid_row_gap\":\"small\",\"margin\":\"default\",\"text_align\":\"center\"},\"children\":[{\"type\":\"button_item\",\"props\":{\"button_style\":\"default\",\"content\":\"Store Finder\",\"icon_align\":\"left\",\"link\":\"store-finder\\\/\"}},{\"type\":\"button_item\",\"props\":{\"button_style\":\"default\",\"content\":\"Contact Us!\",\"icon_align\":\"left\",\"link\":\"contact\\\/\"}}]}]}]}],\"name\":\"B-UNDERCOLLECTION\"}],\"version\":\"4.4.8\"} --><\/p>","protected":false},"excerpt":{"rendered":"<p>Spring \u00b7 Summer Collection 2026SIZE 134-176 (9-16 Y) The collection stands for confident styles, strong statements, and individual expression. Trend-driven color palettes, urban prints, and versatile theme worlds allow for creative mixing and layering \u2013 from minimalist and sporty to edgy and modern. Completed by strong basics, comfortable sweat styles, and vibrant swimwear, the collection [&hellip;]<\/p>","protected":false},"author":1,"featured_media":0,"parent":0,"menu_order":0,"comment_status":"closed","ping_status":"closed","template":"","meta":{"footnotes":""},"class_list":["post-267","page","type-page","status-publish","hentry"],"_links":{"self":[{"href":"https:\/\/blueseven.com\/de\/wp-json\/wp\/v2\/pages\/267","targetHints":{"allow":["GET"]}}],"collection":[{"href":"https:\/\/blueseven.com\/de\/wp-json\/wp\/v2\/pages"}],"about":[{"href":"https:\/\/blueseven.com\/de\/wp-json\/wp\/v2\/types\/page"}],"author":[{"embeddable":true,"href":"https:\/\/blueseven.com\/de\/wp-json\/wp\/v2\/users\/1"}],"replies":[{"embeddable":true,"href":"https:\/\/blueseven.com\/de\/wp-json\/wp\/v2\/comments?post=267"}],"version-history":[{"count":26,"href":"https:\/\/blueseven.com\/de\/wp-json\/wp\/v2\/pages\/267\/revisions"}],"predecessor-version":[{"id":2161,"href":"https:\/\/blueseven.com\/de\/wp-json\/wp\/v2\/pages\/267\/revisions\/2161"}],"wp:attachment":[{"href":"https:\/\/blueseven.com\/de\/wp-json\/wp\/v2\/media?parent=267"}],"curies":[{"name":"wp","href":"https:\/\/api.w.org\/{rel}","templated":true}]}}