{"id":278,"date":"2023-09-04T01:25:49","date_gmt":"2023-09-04T01:25:49","guid":{"rendered":"https:\/\/blueseven.com\/?page_id=278"},"modified":"2026-02-13T13:59:37","modified_gmt":"2026-02-13T13:59:37","slug":"men","status":"publish","type":"page","link":"https:\/\/blueseven.com\/de\/men\/","title":{"rendered":"HERREN"},"content":{"rendered":"<h1>\n<h1 style=\"text-align: center;\"><span>HERREN<\/span><\/h1>\n<\/h1>\n<h1>\n<h4 style=\"text-align: center;\"><span>Fr\u00fchling \u00b7 Sommer Kollektion 2026<br \/>Gr\u00f6\u00dfe S \u2013 3XL<\/span><\/h4>\n<\/h1>\n<div>\n<p style=\"text-align: center;\">Die Kollektion gliedert sich in vier verschiedene Stilwelten \u2013 jede mit einem eigenen Charakter, abgestimmt auf unterschiedliche Lifestyle-Typen: mal sportlich-relaxed, mal urban-clean, mal klassisch-modern. Mit einem Fokus auf hochwertige Baumwollqualit\u00e4ten pr\u00e4sentiert sich die Kollektion zeitgem\u00e4\u00df und tragbar. Neu in dieser Saison ist ein umfangreiches Sweatprogramm, das mit modernen Passformen und softem Griff \u00fcberzeugt \u2013 perfekt f\u00fcr entspannte Looks mit Stil. Erg\u00e4nzt wird das Sortiment durch eine gro\u00dfe Auswahl an Badeshorts in unterschiedlichen L\u00e4ngen und Designs \u2013 von clean bis auff\u00e4llig \u2013 f\u00fcr einen sommerlichen Auftritt am Wasser oder in der City.<\/p>\n<\/div>\n<p><img decoding=\"async\" src=\"\/wp-content\/uploads\/2026\/02\/520A8809_SS26.jpeg\" alt=\"\"><br \/>\n<img decoding=\"async\" src=\"\/wp-content\/uploads\/2026\/02\/520A8997_SS26.jpeg\" alt=\"\"><br \/>\n<img decoding=\"async\" src=\"\/wp-content\/uploads\/2026\/02\/520A8110_SS26.jpeg\" alt=\"\"><br \/>\n<img decoding=\"async\" src=\"\/wp-content\/uploads\/2026\/02\/520A7699_SS26.jpeg\" alt=\"\"><br \/>\n<img decoding=\"async\" src=\"\/wp-content\/uploads\/2026\/02\/520A8669_SS26.jpeg\" alt=\"\"><br \/>\n<img decoding=\"async\" src=\"\/wp-content\/uploads\/2026\/02\/520A8875_SS26.jpeg\" alt=\"\"><\/p>\n<ul>\n<li>\n        <a href=\"https:\/\/blueseven.com\/de\/store-finder\/\">Store finder<\/a>\n    <\/li>\n<li>\n        <a href=\"https:\/\/blueseven.com\/de\/contact\/\">Kontaktiere uns!<\/a>\n    <\/li>\n<\/ul>\n<p><!--more--><br \/>\n<!-- {\"type\":\"layout\",\"children\":[{\"type\":\"section\",\"props\":{\"image_position\":\"center-center\",\"style\":\"default\",\"title_breakpoint\":\"xl\",\"title_position\":\"top-left\",\"title_rotation\":\"left\",\"vertical_align\":\"\",\"width\":\"default\"},\"children\":[{\"type\":\"row\",\"children\":[{\"type\":\"column\",\"props\":{\"image_position\":\"center-center\",\"position_sticky_breakpoint\":\"m\"},\"children\":[{\"type\":\"headline\",\"props\":{\"content\":\"\n\n<h1 style=\\\"text-align: center;\\\"><span>MEN<\\\/span><\\\/h1>\",\"text_align\":\"center\",\"title_element\":\"h1\"}},{\"type\":\"headline\",\"props\":{\"content\":\"\n\n<h4 style=\\\"text-align: center;\\\"><span>Spring \\u00b7 Summer Collection 2026<br \\\/>SIZE S \\u2013 3XL<\\\/span><\\\/h4>\",\"text_align\":\"center\",\"title_element\":\"h1\"}},{\"type\":\"text\",\"props\":{\"column_breakpoint\":\"m\",\"content\":\"\n\n<p style=\\\"text-align: center;\\\">Our new collection redefines modern comfort with clean, versatile designs. Featuring high-quality cotton fabrics, contemporary fits, and stylish cuts, this collection caters to a variety of lifestyles. New this season, an expanded sweatwear range offers a soft, relaxed fit, ideal for laid-back, everyday looks. A wide selection of swim shorts, from minimal to bold, complement the collection, making it easy to transition from city to beach in style. Classic neutrals, fresh summer hues, and maritime tones harmonize with clean silhouettes and breathable fabrics, offering an effortlessly modern summer wardrobe.<\\\/p>\",\"margin\":\"default\"}}]}]},{\"type\":\"row\",\"props\":{\"layout\":\"1-2,1-2\"},\"children\":[{\"type\":\"column\",\"props\":{\"image_position\":\"center-center\",\"position_sticky_breakpoint\":\"m\",\"width_medium\":\"1-2\"},\"children\":[{\"type\":\"image\",\"props\":{\"image\":\"wp-content\\\/uploads\\\/2026\\\/02\\\/520A8809_SS26.jpeg\",\"image_svg_color\":\"emphasis\",\"margin\":\"default\"}}]},{\"type\":\"column\",\"props\":{\"image_position\":\"center-center\",\"position_sticky_breakpoint\":\"m\",\"width_medium\":\"1-2\"},\"children\":[{\"type\":\"image\",\"props\":{\"image\":\"wp-content\\\/uploads\\\/2026\\\/02\\\/520A8997_SS26.jpeg\",\"image_svg_color\":\"emphasis\",\"margin\":\"default\"}}]}]},{\"type\":\"row\",\"props\":{\"layout\":\"1-2,1-2\"},\"children\":[{\"type\":\"column\",\"props\":{\"image_position\":\"center-center\",\"position_sticky_breakpoint\":\"m\",\"width_medium\":\"1-2\"},\"children\":[{\"type\":\"image\",\"props\":{\"image\":\"wp-content\\\/uploads\\\/2026\\\/02\\\/520A8110_SS26.jpeg\",\"image_svg_color\":\"emphasis\",\"margin\":\"default\"}}]},{\"type\":\"column\",\"props\":{\"image_position\":\"center-center\",\"position_sticky_breakpoint\":\"m\",\"width_medium\":\"1-2\"},\"children\":[{\"type\":\"image\",\"props\":{\"image\":\"wp-content\\\/uploads\\\/2026\\\/02\\\/520A7699_SS26.jpeg\",\"image_svg_color\":\"emphasis\",\"margin\":\"default\"}}]}]},{\"type\":\"row\",\"props\":{\"layout\":\"1-2,1-2\"},\"children\":[{\"type\":\"column\",\"props\":{\"image_position\":\"center-center\",\"position_sticky_breakpoint\":\"m\",\"width_medium\":\"1-2\"},\"children\":[{\"type\":\"image\",\"props\":{\"image\":\"wp-content\\\/uploads\\\/2026\\\/02\\\/520A8669_SS26.jpeg\",\"image_svg_color\":\"emphasis\",\"margin\":\"default\"}}]},{\"type\":\"column\",\"props\":{\"image_position\":\"center-center\",\"position_sticky_breakpoint\":\"m\",\"width_medium\":\"1-2\"},\"children\":[{\"type\":\"image\",\"props\":{\"image\":\"wp-content\\\/uploads\\\/2026\\\/02\\\/520A8875_SS26.jpeg\",\"image_svg_color\":\"emphasis\",\"margin\":\"default\"}}]}]}]},{\"type\":\"section\",\"props\":{\"image_position\":\"center-center\",\"style\":\"default\",\"title_breakpoint\":\"xl\",\"title_position\":\"top-left\",\"title_rotation\":\"left\",\"vertical_align\":\"\",\"width\":\"default\"},\"children\":[{\"type\":\"row\",\"children\":[{\"type\":\"column\",\"props\":{\"image_position\":\"center-center\",\"position_sticky_breakpoint\":\"m\"},\"children\":[{\"type\":\"button\",\"props\":{\"grid_column_gap\":\"small\",\"grid_row_gap\":\"small\",\"margin\":\"default\",\"text_align\":\"center\"},\"children\":[{\"type\":\"button_item\",\"props\":{\"button_style\":\"default\",\"content\":\"Store Finder\",\"icon_align\":\"left\",\"link\":\"store-finder\\\/\"}},{\"type\":\"button_item\",\"props\":{\"button_style\":\"default\",\"content\":\"Contact Us!\",\"icon_align\":\"left\",\"link\":\"contact\\\/\"}}]}]}]}],\"name\":\"B-UNDERCOLLECTION\"}],\"version\":\"4.4.8\"} --><\/p>","protected":false},"excerpt":{"rendered":"<p>MEN Spring \u00b7 Summer Collection 2026SIZE S \u2013 3XL Our new collection redefines modern comfort with clean, versatile designs. Featuring high-quality cotton fabrics, contemporary fits, and stylish cuts, this collection caters to a variety of lifestyles. New this season, an expanded sweatwear range offers a soft, relaxed fit, ideal for laid-back, everyday looks. A wide [&hellip;]<\/p>","protected":false},"author":1,"featured_media":0,"parent":0,"menu_order":0,"comment_status":"closed","ping_status":"closed","template":"","meta":{"footnotes":""},"class_list":["post-278","page","type-page","status-publish","hentry"],"_links":{"self":[{"href":"https:\/\/blueseven.com\/de\/wp-json\/wp\/v2\/pages\/278","targetHints":{"allow":["GET"]}}],"collection":[{"href":"https:\/\/blueseven.com\/de\/wp-json\/wp\/v2\/pages"}],"about":[{"href":"https:\/\/blueseven.com\/de\/wp-json\/wp\/v2\/types\/page"}],"author":[{"embeddable":true,"href":"https:\/\/blueseven.com\/de\/wp-json\/wp\/v2\/users\/1"}],"replies":[{"embeddable":true,"href":"https:\/\/blueseven.com\/de\/wp-json\/wp\/v2\/comments?post=278"}],"version-history":[{"count":29,"href":"https:\/\/blueseven.com\/de\/wp-json\/wp\/v2\/pages\/278\/revisions"}],"predecessor-version":[{"id":2134,"href":"https:\/\/blueseven.com\/de\/wp-json\/wp\/v2\/pages\/278\/revisions\/2134"}],"wp:attachment":[{"href":"https:\/\/blueseven.com\/de\/wp-json\/wp\/v2\/media?parent=278"}],"curies":[{"name":"wp","href":"https:\/\/api.w.org\/{rel}","templated":true}]}}