{"id":883,"date":"2024-01-10T17:12:45","date_gmt":"2024-01-10T17:12:45","guid":{"rendered":"https:\/\/blueseven.com\/?page_id=883"},"modified":"2024-01-10T17:15:36","modified_gmt":"2024-01-10T17:15:36","slug":"about-us-temporal","status":"publish","type":"page","link":"https:\/\/blueseven.com\/de\/about-us-temporal\/","title":{"rendered":"About Us &#8211; TEMPORAL"},"content":{"rendered":"<h1>Unsere Geschichte<\/h1>\n<ul>\n<li>\n<p>        <img decoding=\"async\" src=\"\/wp-content\/uploads\/2023\/11\/01.png\" alt=\"\"><\/p>\n<h3>VON OBERSTAUFEN IN DIE WELT<\/h3>\n<p>Furniture<\/p>\n<div>\n<p>Die Geschichte von Blue Seven begann in den 20er Jahren, in einem kleinen Ort namens Ried, der inmitten eines paradiesischen Naturparks liegt und in dem das Unternehmen Obermeyer gegr\u00fcndet wurde.<span class=\"Apple-converted-space\">\u00a0<\/span><\/p>\n<p>Wir \u00fcberzeugen nun seit mehr als 90 Jahren durch qualitativ hochwertige Mode zu kommerziellen Preisen, inspiriert durch die neuesten Trends im In- und Ausland.<\/p>\n<\/div>\n<p><a href=\"#\">Read More<\/a><\/p>\n<\/li>\n<li>\n<p>        <img decoding=\"async\" src=\"\/wp-content\/uploads\/2023\/11\/02.png\" alt=\"\"><\/p>\n<h3>1922 \u2013 1939<\/h3>\n<div>\n<p>In dem bayrischen Kurort, nahe der \u00f6sterreichischen Grenze, erkannte die aus Ostpreu\u00dfen zugezogene Mina Obermeyer die steigende Nachfrage nach Textilien, Kurzwaren und Bekleidung und sah darin eine M\u00f6glichkeit, den Lebensunterhalt ihrer Familie zu unterst\u00fctzen. Die Kombination aus ihrer Begeisterung und dem Gesp\u00fcr f\u00fcr die aufkommenden Stils in der Modewelt, erwies sich als Erfolgsformel.<\/p>\n<p>Das Unternehmen, welches 1924 als kleiner Einzelhandel mit Sportartikeln, Kurzwaren und stilvoller Alltagsbekleidung angefangen hatte, entwickelte sich weiter. Nur wenige Jahre sp\u00e4ter zog Mina mit ihrem Ehemann Fritz H. Obermeyer und mit ihren beiden S\u00f6hnen Klaus und Heinrich in ein gr\u00f6\u00dferes Anwesen in Kalzhofen bei Oberstaufen.<\/p>\n<\/div>\n<p><a href=\"#\">Read More<\/a><\/p>\n<\/li>\n<li>\n<p>        <img decoding=\"async\" src=\"\/wp-content\/uploads\/2023\/11\/03.png\" alt=\"\"><\/p>\n<div>\n<p>Nach dem Umzug in den nur wenige Kilometer entfernten Kurort, diente ein gr\u00f6\u00dferes Zimmer am privaten Anwesen der Familie Obermeyer als Verkaufszimmer. Das mittlerweile \u00fcber 300 Jahre alte Familienanwesen an der Immenst\u00e4dter Stra\u00dfe 6 befindet sich nach wie vor im Besitz der Familie, jedoch wird es heute nicht mehr als privat Haus genutzt, sondern dient der H. Obermeyer GmbH &amp; Co. KG vielmehr als B\u00fcrogeb\u00e4ude.<span class=\"Apple-converted-space\">\u00a0<\/span><\/p>\n<p>In den 30er Jahren entpuppte sich der Umzug nach Oberstaufen als Karriereentscheidung, da in der aufstrebenden Marktgemeinde ein zunehmender Fremdenverkehr auf sich aufmerksam machte, der sich sowohl auf dem Wachstum als auch auf den Umsatz des Einzelhandels positiv auswirkte.\u00a0<\/p>\n<\/div>\n<p><a href=\"#\">Read More<\/a><\/p>\n<\/li>\n<li>\n<p>        <img decoding=\"async\" src=\"\/wp-content\/uploads\/2023\/11\/04.png\" alt=\"\"><\/p>\n<h3>1939-1945<\/h3>\n<div>\n<p>Es folgten sehr schwere und harte Zeiten f\u00fcr die Familie. Mina Obermeyer, war J\u00fcdin und mit dem Kunstmaler Fritz Obermeyer verheiratet, welcher nach den N\u00fcrnberger Rassegesetzen als \u201eArier\u201c eingestuft wurde. Obwohl dieser Umstand die Deportation von Mina und ihren zwei S\u00f6hnen in ein Vernichtungslager verhinderte, wurde das Gesch\u00e4ft w\u00e4hrend dieser Zeit von den Nazis geschlossen. Auch ihr Ehemann Fritz durfte vorerst seinen Beruf als Kunstmaler nicht mehr aus\u00fcben. Die Familie Obermeyer sicherte sich ihren Lebensunterhalt durch ihre eigene, kleine Landwirtschaft.<\/p>\n<p>In den fr\u00fchen Nachkriegsjahren kamen wieder weitaus bessere Zeiten f\u00fcr die Familie Obermeyer, denn nicht nur das Unternehmen florierte, sondern ebenfalls die Familie. Die S\u00f6hne von Mina und ihrem Mann Fritz wuchsen heran und begannen in die Berufswelt reinzuschnuppern. Nach seinem Abschluss als Flugzeugbauingenieur traf Klaus Obermeyer mit 27 Jahren die Entscheidung nach Amerika auszuwandern, wo er f\u00fcr die Skischule seines Freundes, Friedl Pfeiffer, einem Skirennl\u00e4ufer aus \u00d6sterreich, arbeitete. Diese T\u00e4tigkeit f\u00fchrte zur Gr\u00fcndung von Sport Obermeyer im Jahr 1947.<span> <\/span>Obermeyer in 1947. <span class=\"Apple-converted-space\">\u00a0<\/span><\/p>\n<\/div>\n<p><a href=\"#\">Read More<\/a><\/p>\n<\/li>\n<li>\n<p>        <img decoding=\"async\" src=\"\/wp-content\/uploads\/2023\/11\/05.png\" alt=\"\"><\/p>\n<div>\n<p>W\u00e4hrend der eine Sohn sein Geschick und Talent f\u00fcr die Wintermode in den Staaten unter Beweis stellte, wuchs bei Heinrich kontinuierlich das Interesse am Familienunternehmen. Er unterst\u00fctzte seine Mutter bei der allt\u00e4glichen Arbeit und zusammen starteten sie neu durch. Heinrich Obermeyer sah eine Chance, ergriff sie und \u00fcberzeugte seine Mutter davon, dass die Zeit gekommen war sich weiterzuentwickeln. Durch die erfolgreiche Zusammenarbeit des Mutter-Sohn-Gespanns und die Heranbildung einer neuen dynamischen zukunftsorientierten Gesch\u00e4ftspolitik, machten sie sich einen unverwechselbaren Namen in der Branche.<\/p>\n<\/div>\n<p><a href=\"#\">Read More<\/a><\/p>\n<\/li>\n<li>\n<p>        <img decoding=\"async\" src=\"\/wp-content\/uploads\/2023\/11\/06.png\" alt=\"\"><\/p>\n<h3>1949 - Gr\u00fcndung von Blue Seven <\/h3>\n<div>\n<p>Auf Anraten seiner Familie \u00fcbernahm Sohn Heinrich 1949 das Familienunternehmen und heiratete im Jahr 1958 seine langj\u00e4hrige Vertraute Cilly Kirchmann, die von Anfang an die Begeisterung f\u00fcr die Modebranche mit ihrem Mann teilte. Aus dem Einzelhandel in Oberstaufen erschloss sich in den n\u00e4chsten Jahren eine Ladenkette mit rund 27 Filialen, die sich im Allg\u00e4u, dem Bodenseeraum und im Schwarzwald niedergelassen haben. Die Produktion der Firma fand auf der Schw\u00e4bischen Alb, in Italien, in der T\u00fcrkei, in Griechenland und bereits ab den sp\u00e4ten 60er Jahren auch in Indien und Hongkong statt.<span class=\"Apple-converted-space\">\u00a0<\/span><\/p>\n<\/div>\n<p><a href=\"#\">Read More<\/a><\/p>\n<\/li>\n<li>\n<p>        <img decoding=\"async\" src=\"\/wp-content\/uploads\/2023\/11\/07.png\" alt=\"\"><\/p>\n<div>\n<p>In den 70er Jahren wurde schlie\u00dflich die Marke Blue Seven eingef\u00fchrt, die exklusiv f\u00fcr den Fachhandel gedacht war.<\/p>\n<p>Die 1970er Jahre waren eine Zeit der Weiterentwicklung und neuer Ideen. Heinrich Obermeyer gr\u00fcndete zusammen mit dem \u00d6sterreicher Otto Burger ein weiteres Unternehmen, die Obermeyer &amp; Burger Textilhandelsgesellschaft mbH - Generalimporteur f\u00fcr \u00d6sterreich, in der N\u00e4he von Bregenz. Beide Gesch\u00e4ftsf\u00fchrer sch\u00e4tzten nicht nur die gute Zusammenarbeit auf beruflicher Ebene, sondern ebenfalls auf privater und es entwickelte sich eine langj\u00e4hrige Freundschaft.<\/p>\n<p>Im Laufe des neuen Jahrzehnts, charakterisierte sich der H. Obermeyer &amp; Co. Konzern besonders in Deutschland zu einem bedeutenden Familienunternehmen. Zudem verwandelte sich der Betrieb zu einem international agierenden Importunternehmen auf dem Bekleidungssektor mit Gesch\u00e4ftsverbindungen bis nach China. Cilly und Heinrich Obermeyer entschlossen sich 1984 dazu die Ladenkette an einen langj\u00e4hrigen Gesch\u00e4ftsfreund zu verkaufen und vertieften sich auf das Import- und Exportgesch\u00e4ft mit au\u00dferordentlich erfolgreichen weltumspannenden Aktivit\u00e4ten.<\/p>\n<\/div>\n<p><a href=\"#\">Read More<\/a><\/p>\n<\/li>\n<li>\n<p>        <img decoding=\"async\" src=\"\/wp-content\/uploads\/2023\/11\/08.png\" alt=\"\"><\/p>\n<h3>1987 &#8211; 2022<\/h3>\n<div>\n<p><strong>Michael Obermeyer<\/strong>, der Enkel der Firmengr\u00fcnderin Mina Obermeyer, \u00fcbernahm 1987 die Position des Vorsitzenden Gesch\u00e4ftsf\u00fchrers und somit wurde das Unternehmen in der dritten Generation weitergef\u00fchrt. In den folgenden Jahren wurde ein Gro\u00dfteil der Produktion von Europa nach Asien verlegt und zudem eigene B\u00fcros zur Qualit\u00e4tskontrolle aufgebaut. <span class=\"Apple-converted-space\">\u00a0<\/span><\/p>\n<p>Herr Obermeyer lag die Einhaltung bindender Bestimmungen, die zur Verbesserung des sozialen Standards in der internationalen Wertsch\u00f6pfungskette beitragen, sehr am Herzen. Er entschloss sich dazu verschiedene Compliance Ma\u00dfnahmen wie die amfori Business Social Compliance Initiative einzuf\u00fchren und dem International Accord beizutreten. Um auf nationaler und internationaler Ebene die Entwicklung der Firma weiterhin zu f\u00f6rdern, wurde der Bau sowohl zus\u00e4tzlicher Lager als auch B\u00fcrogeb\u00e4ude veranlasst. Zus\u00e4tzlich dazu wurden in Europa Orderb\u00fcros er\u00f6ffnet.\n\u00a0\nEr gr\u00fcndet die Tochtergesellschaft \u201eFashion Highlight\u201d in Hongkong und baut die Designabteilung in Oberstaufen weiter aus.<\/p>\n<p>Nach seiner R\u00fcckkehr aus den Staaten, wo Andreas Burger seinen Bachelor in \"International Trade &amp; Marketing for the Fashion Industries\" absolvierte, startete der Sohn des ehemaligen Gesch\u00e4ftspartners von Heinrich Obermeyer seine berufliche Karriere als International Sales Manager bei Blue Seven. In den kommenden Jahren entwickelte sich die Zusammenarbeit zwischen der j\u00fcngeren Generation so erfolgreich weiter, dass Herr Burger ab 2011 die Verantwortung als zus\u00e4tzlicher Gesellschafter und Gesch\u00e4ftsf\u00fchrer tr\u00e4gt.<\/p>\n<\/div>\n<p><a href=\"#\">Read More<\/a><\/p>\n<\/li>\n<li>\n<p>        <img decoding=\"async\" src=\"\/wp-content\/uploads\/2023\/11\/09.png\" alt=\"\"><\/p>\n<h3>Seit Februar 2022<\/h3>\n<div>\n<p>Ein neues Kapitel begann, <strong>Andreas Burger<\/strong>, ein langj\u00e4hriger Gesellschafter der H. Obermeyer GmbH &amp; Co. KG, im Rahmen einer zukunftsweisenden Nachfolgeregelung zum 01. Februar 2022, alle Anteile \u00fcbernahm und so die Fortsetzung der Blue Seven Erfolgsgeschichte sicherte.<span class=\"Apple-converted-space\">\u00a0<\/span><\/p>\n<p>Gleichwohl das Unternehmen nicht von einem weiteren Mitglied der Obermeyer Familie \u00fcbernommen wurde und man so nicht von einer direkten \u00dcbernahme in 4. Generation sprechen kann, war es Michael Obermeyer wichtig, dass sie nicht in fremde H\u00e4nde \u00fcbergeben wird. Bei der Weiterf\u00fchrung durch Andreas Burger, der seit den 90er Jahren sehr eng mit Michael Obermeyer zusammenarbeitete, handelt es sich somit um eine interne \u00dcbernahme. Gepr\u00e4gt durch den langj\u00e4hrigen beruflichen Kontakt als auch der Freundschaft zwischen den beiden Familien sichert Andreas Burger mit der \u00dcbernahme die Kontinuit\u00e4t des Familienunternehmens.<\/p>\n<\/div>\n<p><a href=\"#\">Read More<\/a><\/p>\n<\/li>\n<\/ul>\n<p><!--more--><br \/>\n<!-- {\"type\":\"layout\",\"children\":[{\"type\":\"section\",\"props\":{\"image_position\":\"center-center\",\"style\":\"default\",\"title_breakpoint\":\"xl\",\"title_position\":\"top-left\",\"title_rotation\":\"left\",\"vertical_align\":\"middle\",\"width\":\"default\"},\"children\":[{\"type\":\"row\",\"children\":[{\"type\":\"column\",\"props\":{\"image_position\":\"center-center\",\"position_sticky_breakpoint\":\"m\"},\"children\":[{\"type\":\"headline\",\"props\":{\"content\":\"About us\",\"text_align\":\"center\",\"title_element\":\"h1\"}},{\"name\":\"Panel Slider Image Left\",\"type\":\"panel-slider\",\"children\":[{\"type\":\"panel-slider_item\",\"props\":{\"content\":\"\n\n<p>The story of Blue Seven began in the 1920s, in a small town named Ried, located in the middle of a peaceful nature park, where the Obermeyer family business was founded.<span class=\\\"Apple-converted-space\\\">\\u00a0<\\\/span><\\\/p>\\n\n\n<p>We have now been satisfying customers for more than 90 years with high-quality fashion at commercial prices, inspired by the latest national and international fashion trends.<\\\/p>\",\"image\":\"wp-content\\\/uploads\\\/2023\\\/11\\\/01.png\",\"link\":\"#\",\"meta\":\"Furniture\",\"title\":\"FROM OBERSTAUFEN INTO THE WIDE WORLD\"}},{\"type\":\"panel-slider_item\",\"props\":{\"content\":\"\n\n<p>In the Bavarian health village near the Austrian border, Mina Obermeyer, an immigrant from East Prussia, recognized the emerging demand for fabrics, haberdashery, and clothing and identified an opportunity to support her family's income. The combination of her enthusiasm and a talent for the evolving styles in the fashion world proved to be a successful formula.<\\\/p>\\n\n\n<p>The business, which had started in 1924 as a small retail shop offering sporting goods, haberdashery, and stylish everyday wear, continued to evolve. Only a few years later, Mina moved with her husband Fritz H. Obermeyer and with her two sons Klaus and Heinrich to a larger residence in Kalzhofen near Oberstaufen.<\\\/p>\",\"image\":\"wp-content\\\/uploads\\\/2023\\\/11\\\/02.png\",\"link\":\"#\",\"meta\":\"\",\"title\":\"1922 \\u2013 1939\"}},{\"type\":\"panel-slider_item\",\"props\":{\"content\":\"\n\n<p>After moving to the spa town located only a few kilometers away, a larger room at the private estate of the Obermeyer family has served as a salesroom. The family home at Immenst\\u00e4dter Stra\\u00dfe 6, the meantime more than 300 years old, is still in possession of the family, but today it is no longer used as a private house, but rather serves as an office building for H. Obermeyer GmbH &amp; Co. KG.<span class=\\\"Apple-converted-space\\\">\\u00a0<\\\/span><\\\/p>\\n\n\n<p>In the 1930s, the relocation to Oberstaufen turned out to be a career choice, as the upcoming market town increasingly attracts more and more tourism attention, which had a positive effect on both the growth and turnover of the retail trade.\\u00a0<\\\/p>\",\"image\":\"wp-content\\\/uploads\\\/2023\\\/11\\\/03.png\",\"link\":\"#\",\"meta\":\"\",\"title\":\"\"}},{\"type\":\"panel-slider_item\",\"props\":{\"content\":\"\n\n<p>Very harsh and tough times followed for the family. Mina Obermeyer was Jewish and married to the painter Fritz Obermeyer, who was considered an \\\"Aryan\\\" according to the Nuremberg Race Laws. Although this circumstance prevented Mina and her two sons from being deported to an extermination camp, the business was closed by the National Socialists during this time. For the time being, her husband Fritz was also no longer allowed to pursue his profession as an art painter. The Obermeyer family secured their livelihood through their modest farm.<\\\/p>\\n\n\n<p>In the early post-war years, times were much better again for the Obermeyer family, since not only the business flourished, but also the family. Mina and her husband Fritz's sons grew up and began to get a feel for the world of work. After graduating as an aircraft engineer, Klaus Obermeyer decided to expatriate to America at the age of 27, where he worked for the ski school of his friend, Friedl Pfeiffer, a ski racer from Austria. This job resulted in the founding of Sport<span> <\\\/span>Obermeyer in 1947. <span class=\\\"Apple-converted-space\\\">\\u00a0<\\\/span><\\\/p>\",\"image\":\"wp-content\\\/uploads\\\/2023\\\/11\\\/04.png\",\"link\":\"#\",\"meta\":\"\",\"title\":\"1939-1945\"}},{\"type\":\"panel-slider_item\",\"props\":{\"content\":\"\n\n<p>Whilst one son demonstrated his skills and talent for winter fashion in the States, Heinrich's interest in the family company grew steadily. He supported his mother in the day-to-day work and together they started from scratch. Heinrich Obermeyer saw an opportunity, seized it, and convinced his mother that the time had come to evolve. Through the successful cooperation of the mother and son duo and the development of a new, dynamic, future-oriented business policy, they made an undeniable name for themselves in the branch.<\\\/p>\",\"image\":\"wp-content\\\/uploads\\\/2023\\\/11\\\/05.png\",\"link\":\"#\",\"meta\":\"\",\"title\":\"\"}},{\"type\":\"panel-slider_item\",\"props\":{\"content\":\"\n\n<p>On the recommendation of his family, Heinrich took over the family business in 1949 and married his long-time confidante Cilly Kirchmann in 1958, who from the very beginning shared her husband's enthusiasm for the fashion industry. Over the coming years, the retail business in Oberstaufen developed into a chain of retail shops with around 27 branches in the region of Allg\\u00e4u, Lake Constance, and the Black Forest. The company's production took place in the Swabian Alb, in Italy, in Turkey, in Greece, and from the late 1960s onwards also in India and Hong Kong.<span class=\\\"Apple-converted-space\\\">\\u00a0<\\\/span><\\\/p>\",\"image\":\"wp-content\\\/uploads\\\/2023\\\/11\\\/06.png\",\"link\":\"#\",\"meta\":\"\",\"title\":\"1949 - Foundation of Blue Seven \"}},{\"type\":\"panel-slider_item\",\"props\":{\"content\":\"\n\n<p>In the 1970s, the Blue Seven label was finally introduced, exclusively for professional retailers.<\\\/p>\\n\n\n<p>The 1970s were a time of further development and new ideas. Together with the Austrian Otto Burger, Heinrich Obermeyer founded another company, Obermeyer &amp; Burger Textilhandelsgesellschaft GmbH - a general distributor for Austria, near Bregenz. Both managing directors appreciated the good cooperation not only on a professional level, but also on a personal level, and a long-lasting friendship was developed.<\\\/p>\\n\n\n<p>In the new decade, the H. Obermeyer &amp; Co. Group became an outstanding family business, especially in Germany. In addition, the company transformed itself into an internationally operating import enterprise in the clothing segment with business connections reaching up to China. In 1984, Cilly and Heinrich Obermeyer decided to sell the retail chain to a long-time business friend and focused on the import and export business with extraordinarily successful global activities.<\\\/p>\",\"image\":\"wp-content\\\/uploads\\\/2023\\\/11\\\/07.png\",\"link\":\"#\",\"meta\":\"\",\"title\":\"\"}},{\"type\":\"panel-slider_item\",\"props\":{\"content\":\"\n\n<p><strong>Michael Obermeyer<\\\/strong>, the grandson of the company's founder Mina Obermeyer, took over the function of chairman-manager in 1987 and so the business was continued in the third generation. In the coming years, a large part of the production was relocated from Europe to Asia and, in addition, the company's own quality control offices were established. <span class=\\\"Apple-converted-space\\\">\\u00a0<\\\/span><\\\/p>\\n\n\n<p>Mr. Obermeyer was very committed to complying with binding regulations that contribute to improving social standards in the international value chain. He decided to introduce various compliance measures such as the amfori Business Social Compliance Initiative and to join the International Accord. To further promote the development of the firm on a national and international level, the construction of both additional warehouses and office buildings was initiated. In addition, order offices were opened in Europe. He founded the subsidiary \\\"Fashion Highlight\\\" in Hong Kong and further expanded the design department in Oberstaufen.<\\\/p>\\n\n\n<p>After returning from the States, where Andreas Burger completed his Bachelor's degree in \\\"International Trade &amp; Marketing for the Fashion Industries\\\", the son of Heinrich Obermeyer's former business partner started his professional career as International Sales Manager at Blue Seven. In the years to come, the cooperation between the younger generation developed so successfully that Mr. Burger became an affiliated shareholder and managing director in 2011.<\\\/p>\",\"image\":\"wp-content\\\/uploads\\\/2023\\\/11\\\/08.png\",\"link\":\"#\",\"meta\":\"\",\"title\":\"1987 - 2022\"}},{\"type\":\"panel-slider_item\",\"props\":{\"content\":\"\n\n<p>A new era began when <strong>Andreas Burger<\\\/strong>, a long-standing shareholder of H. Obermeyer GmbH &amp; Co. KG, took over all shares as part of a forward-looking succession plan on 1 February 2022, thus ensuring the continuation of the Blue Seven success story.<span class=\\\"Apple-converted-space\\\">\\u00a0<\\\/span><\\\/p>\\n\n\n<p>Although the company was not taken over by another member of the Obermeyer family and so it cannot be spoken of as a direct takeover in the 4th generation, it was important to Michael Obermeyer that it was not handed over to completely unfamiliar hands. The continuation by Andreas Burger, who has worked very closely with Michael Obermeyer since the 1990s, is, therefore, an internal takeover. Influenced by the long-standing professional association as well as the friendship between the two families, Andreas Burger is, with his takeover, ensuring the continuity of the family business.<\\\/p>\",\"image\":\"wp-content\\\/uploads\\\/2023\\\/11\\\/09.png\",\"link\":\"#\",\"meta\":\"\",\"title\":\"Since February 2022\"}}],\"props\":{\"container_padding_remove\":true,\"content_column_breakpoint\":\"m\",\"icon_width\":80,\"image_align\":\"left\",\"image_grid_breakpoint\":\"s\",\"image_grid_column_gap\":\"large\",\"image_grid_width\":\"1-2\",\"image_link\":true,\"image_svg_color\":\"emphasis\",\"image_vertical_align\":true,\"image_width\":\"900\",\"link_margin\":\"large\",\"link_style\":\"text\",\"link_text\":\"Read More\",\"margin\":\"medium\",\"meta_align\":\"above-title\",\"meta_element\":\"div\",\"meta_margin\":\"remove\",\"meta_style\":\"text-meta\",\"nav\":\"dotnav\",\"nav_align\":\"center\",\"nav_breakpoint\":\"s\",\"nav_margin\":\"medium\",\"panel_card_match\":false,\"panel_card_offset\":true,\"panel_image_no_padding\":true,\"panel_link\":false,\"panel_padding\":\"small\",\"show_content\":true,\"show_image\":true,\"show_link\":false,\"show_meta\":false,\"show_title\":true,\"slidenav\":\"outside\",\"slidenav_breakpoint\":\"\",\"slidenav_hover\":false,\"slidenav_large\":false,\"slidenav_margin\":\"\",\"slidenav_outside_breakpoint\":\"s\",\"slider_autoplay_pause\":true,\"slider_center\":false,\"slider_gap\":\"large\",\"slider_sets\":true,\"slider_width\":\"fixed\",\"slider_width_default\":\"1-1\",\"slider_width_medium\":\"\",\"text_align\":\"center\",\"title_align\":\"top\",\"title_element\":\"h3\",\"title_grid_breakpoint\":\"m\",\"title_grid_width\":\"1-2\",\"title_hover_style\":\"reset\",\"title_link\":true,\"title_margin\":\"small\",\"title_style\":\"h2\"}}]}]}]},{\"type\":\"section\",\"props\":{\"image_position\":\"center-center\",\"style\":\"default\",\"title_breakpoint\":\"xl\",\"title_position\":\"top-left\",\"title_rotation\":\"left\",\"vertical_align\":\"middle\",\"width\":\"default\"},\"children\":[{\"type\":\"row\",\"children\":[{\"type\":\"column\",\"props\":{\"image_position\":\"center-center\",\"position_sticky_breakpoint\":\"m\"}}]}]}],\"version\":\"4.0.11\"} --><\/p>","protected":false},"excerpt":{"rendered":"<p>About us FROM OBERSTAUFEN INTO THE WIDE WORLD Furniture The story of Blue Seven began in the 1920s, in a small town named Ried, located in the middle of a peaceful nature park, where the Obermeyer family business was founded.\u00a0 We have now been satisfying customers for more than 90 years with high-quality fashion at [&hellip;]<\/p>","protected":false},"author":1,"featured_media":0,"parent":0,"menu_order":0,"comment_status":"closed","ping_status":"closed","template":"","meta":{"footnotes":""},"class_list":["post-883","page","type-page","status-publish","hentry"],"_links":{"self":[{"href":"https:\/\/blueseven.com\/de\/wp-json\/wp\/v2\/pages\/883","targetHints":{"allow":["GET"]}}],"collection":[{"href":"https:\/\/blueseven.com\/de\/wp-json\/wp\/v2\/pages"}],"about":[{"href":"https:\/\/blueseven.com\/de\/wp-json\/wp\/v2\/types\/page"}],"author":[{"embeddable":true,"href":"https:\/\/blueseven.com\/de\/wp-json\/wp\/v2\/users\/1"}],"replies":[{"embeddable":true,"href":"https:\/\/blueseven.com\/de\/wp-json\/wp\/v2\/comments?post=883"}],"version-history":[{"count":2,"href":"https:\/\/blueseven.com\/de\/wp-json\/wp\/v2\/pages\/883\/revisions"}],"predecessor-version":[{"id":885,"href":"https:\/\/blueseven.com\/de\/wp-json\/wp\/v2\/pages\/883\/revisions\/885"}],"wp:attachment":[{"href":"https:\/\/blueseven.com\/de\/wp-json\/wp\/v2\/media?parent=883"}],"curies":[{"name":"wp","href":"https:\/\/api.w.org\/{rel}","templated":true}]}}